{"id":2970,"date":"2021-08-08T19:08:02","date_gmt":"2021-08-08T19:08:02","guid":{"rendered":"https:\/\/lufh-cbs.com\/cookie-statement\/"},"modified":"2024-12-17T11:20:07","modified_gmt":"2024-12-17T14:20:07","slug":"declaracion-de-cookie","status":"publish","type":"page","link":"https:\/\/lufh-cbs.com\/es\/declaracion-de-cookie\/","title":{"rendered":"Declaraci\u00f3n de Cookie"},"content":{"rendered":"[vc_row type=&#8221;full_width_background&#8221; full_screen_row_position=&#8221;middle&#8221; column_margin=&#8221;default&#8221; column_direction=&#8221;default&#8221; column_direction_tablet=&#8221;default&#8221; column_direction_phone=&#8221;default&#8221; bg_color=&#8221;#000000&#8243; bg_image=&#8221;198&#8243; bg_position=&#8221;center center&#8221; background_image_loading=&#8221;default&#8221; bg_repeat=&#8221;no-repeat&#8221; scene_position=&#8221;center&#8221; top_padding=&#8221;150px&#8221; bottom_padding=&#8221;150px&#8221; text_color=&#8221;custom&#8221; custom_text_color=&#8221;#ffffff&#8221; text_align=&#8221;center&#8221; row_border_radius=&#8221;none&#8221; row_border_radius_applies=&#8221;bg&#8221; id=&#8221;inner-hero&#8221; overlay_strength=&#8221;0.3&#8243; gradient_direction=&#8221;top_to_bottom&#8221; shape_divider_position=&#8221;bottom&#8221; bg_image_animation=&#8221;none&#8221; shape_type=&#8221;&#8221;][vc_column column_padding=&#8221;no-extra-padding&#8221; column_padding_tablet=&#8221;inherit&#8221; column_padding_phone=&#8221;inherit&#8221; column_padding_position=&#8221;all&#8221; column_element_spacing=&#8221;default&#8221; centered_text=&#8221;true&#8221; background_color_opacity=&#8221;1&#8243; background_hover_color_opacity=&#8221;1&#8243; column_shadow=&#8221;none&#8221; column_border_radius=&#8221;none&#8221; column_link_target=&#8221;_self&#8221; gradient_direction=&#8221;left_to_right&#8221; overlay_strength=&#8221;0.3&#8243; width=&#8221;1\/1&#8243; tablet_width_inherit=&#8221;default&#8221; tablet_text_alignment=&#8221;default&#8221; phone_text_alignment=&#8221;default&#8221; bg_image_animation=&#8221;none&#8221; border_type=&#8221;simple&#8221; column_border_width=&#8221;none&#8221; column_border_style=&#8221;solid&#8221;][vc_column_text css_animation=&#8221;fadeInUp&#8221; el_class=&#8221;inner-hero__title&#8221;]\n<h1>DECLARACI\u00d3N DE COOKIE<\/h1>\n[\/vc_column_text][\/vc_column][\/vc_row][vc_row type=&#8221;in_container&#8221; full_screen_row_position=&#8221;middle&#8221; column_margin=&#8221;default&#8221; column_direction=&#8221;default&#8221; column_direction_tablet=&#8221;default&#8221; column_direction_phone=&#8221;default&#8221; scene_position=&#8221;center&#8221; text_color=&#8221;dark&#8221; text_align=&#8221;left&#8221; row_border_radius=&#8221;none&#8221; row_border_radius_applies=&#8221;bg&#8221; overlay_strength=&#8221;0.3&#8243; gradient_direction=&#8221;left_to_right&#8221; shape_divider_position=&#8221;bottom&#8221; bg_image_animation=&#8221;none&#8221;][vc_column column_padding=&#8221;no-extra-padding&#8221; column_padding_tablet=&#8221;inherit&#8221; column_padding_phone=&#8221;inherit&#8221; column_padding_position=&#8221;all&#8221; column_element_spacing=&#8221;default&#8221; background_color_opacity=&#8221;1&#8243; background_hover_color_opacity=&#8221;1&#8243; column_shadow=&#8221;none&#8221; column_border_radius=&#8221;none&#8221; column_link_target=&#8221;_self&#8221; gradient_direction=&#8221;left_to_right&#8221; overlay_strength=&#8221;0.3&#8243; width=&#8221;1\/1&#8243; tablet_width_inherit=&#8221;default&#8221; tablet_text_alignment=&#8221;default&#8221; phone_text_alignment=&#8221;default&#8221; bg_image_animation=&#8221;none&#8221; border_type=&#8221;simple&#8221; column_border_width=&#8221;none&#8221; column_border_style=&#8221;solid&#8221;][divider line_type=&#8221;No Line&#8221; custom_height=&#8221;20&#8243;][\/vc_column][\/vc_row][vc_row type=&#8221;in_container&#8221; full_screen_row_position=&#8221;middle&#8221; column_margin=&#8221;default&#8221; column_direction=&#8221;default&#8221; column_direction_tablet=&#8221;default&#8221; column_direction_phone=&#8221;default&#8221; scene_position=&#8221;center&#8221; text_color=&#8221;dark&#8221; text_align=&#8221;left&#8221; row_border_radius=&#8221;none&#8221; row_border_radius_applies=&#8221;bg&#8221; overlay_strength=&#8221;0.3&#8243; gradient_direction=&#8221;left_to_right&#8221; shape_divider_position=&#8221;bottom&#8221; bg_image_animation=&#8221;none&#8221;][vc_column column_padding=&#8221;no-extra-padding&#8221; column_padding_tablet=&#8221;inherit&#8221; column_padding_phone=&#8221;inherit&#8221; column_padding_position=&#8221;all&#8221; column_element_spacing=&#8221;default&#8221; background_color_opacity=&#8221;1&#8243; background_hover_color_opacity=&#8221;1&#8243; column_shadow=&#8221;none&#8221; column_border_radius=&#8221;none&#8221; column_link_target=&#8221;_self&#8221; gradient_direction=&#8221;left_to_right&#8221; overlay_strength=&#8221;0.3&#8243; width=&#8221;1\/1&#8243; tablet_width_inherit=&#8221;default&#8221; tablet_text_alignment=&#8221;default&#8221; phone_text_alignment=&#8221;default&#8221; bg_image_animation=&#8221;none&#8221; border_type=&#8221;simple&#8221; column_border_width=&#8221;none&#8221; column_border_style=&#8221;solid&#8221;][vc_row_inner column_margin=&#8221;default&#8221; column_direction=&#8221;default&#8221; column_direction_tablet=&#8221;default&#8221; column_direction_phone=&#8221;default&#8221; text_align=&#8221;left&#8221;][vc_column_inner column_padding=&#8221;padding-7-percent&#8221; column_padding_tablet=&#8221;inherit&#8221; column_padding_phone=&#8221;no-extra-padding&#8221; column_padding_position=&#8221;right&#8221; column_element_spacing=&#8221;default&#8221; background_color_opacity=&#8221;1&#8243; background_hover_color_opacity=&#8221;1&#8243; column_shadow=&#8221;none&#8221; column_border_radius=&#8221;none&#8221; column_link_target=&#8221;_self&#8221; gradient_direction=&#8221;left_to_right&#8221; overlay_strength=&#8221;0.3&#8243; width=&#8221;1\/6&#8243; tablet_width_inherit=&#8221;default&#8221; bg_image_animation=&#8221;none&#8221; border_type=&#8221;simple&#8221; column_border_width=&#8221;none&#8221; column_border_style=&#8221;solid&#8221;][\/vc_column_inner][vc_column_inner column_padding=&#8221;no-extra-padding&#8221; column_padding_tablet=&#8221;inherit&#8221; column_padding_phone=&#8221;inherit&#8221; column_padding_position=&#8221;all&#8221; column_element_spacing=&#8221;default&#8221; background_color_opacity=&#8221;1&#8243; background_hover_color_opacity=&#8221;1&#8243; column_shadow=&#8221;none&#8221; column_border_radius=&#8221;none&#8221; column_link_target=&#8221;_self&#8221; gradient_direction=&#8221;left_to_right&#8221; overlay_strength=&#8221;0.3&#8243; width=&#8221;2\/3&#8243; tablet_width_inherit=&#8221;default&#8221; bg_image_animation=&#8221;none&#8221; border_type=&#8221;simple&#8221; column_border_width=&#8221;none&#8221; column_border_style=&#8221;solid&#8221;][vc_column_text]\n<p class=\"p1\">\u00daltima modificaci\u00f3n: 30\/082021<\/p>\n<h3 class=\"p1\"><b>Introducci\u00f3n<\/b><\/h3>\n<p class=\"p2\">Esta Declaraci\u00f3n de &#8220;<i>Cookies<\/i>&#8221; explica c\u00f3mo LUFH Conveyor Belt Systems LLC (<b>&#8220;Compa\u00f1\u00eda&#8221; <\/b>o <b>&#8220;Nosotros&#8221;<\/b> o <b>&#8220;LUFH&#8221;<\/b>) utiliza &#8220;<i>cookies<\/i>&#8221; para reconocer cuando usted visita nuestro Sitio Web en ml-supply.com (nuestro <b>&#8220;Sitio Web&#8221;<\/b>). Explica qu\u00e9 son los &#8220;<i>cookies<\/i>&#8221; y por qu\u00e9 los utilizamos.<\/p>\n<h3 class=\"p1\"><b>\u00bfQu\u00e9 son los &#8220;<i>cookies<\/i>&#8220;?<\/b><\/h3>\n<p class=\"p2\">Un &#8220;cookie&#8221; es un peque\u00f1o archivo colocado en el disco duro de su computador o dispositivo m\u00f3vil. Usted puede negarse a aceptar los &#8220;<i>cookies<\/i>&#8221; del navegador activando la configuraci\u00f3n adecuada en su navegador. Sin embargo, si selecciona esta configuraci\u00f3n es posible que no pueda acceder a ciertas partes de nuestro Sitio Web. A menos que haya ajustado la configuraci\u00f3n de su navegador para que rechace los &#8220;<i>cookies<\/i>&#8220;, nuestro sistema emitir\u00e1 &#8220;<i>cookies<\/i>&#8221; cuando dirija su navegador a nuestro Sitio Web.<\/p>\n<h3 class=\"p1\"><b>Tipos de &#8220;<i>Cookies<\/i>&#8221; que podemos utilizar<\/b><\/h3>\n<ol class=\"ol1\">\n<li class=\"li2\"><b>&#8220;<i>Cookies<\/i>&#8221; estrictamente necesarios<\/b><\/li>\n<\/ol>\n<p class=\"p2\">Estos &#8220;<i>cookies<\/i>&#8221; son necesarios para el funcionamiento del Sitio Web y no pueden ser desactivados en nuestros sistemas. Por lo general, s\u00f3lo se instalan en respuesta a acciones realizadas por usted que equivalen a una solicitud de servicios, como la configuraci\u00f3n de sus preferencias de privacidad, el inicio de sesi\u00f3n o la cumplimentaci\u00f3n de formularios.<\/p>\n<p class=\"p2\">Puede configurar su navegador para que bloquee o le avise de estos &#8220;<i>cookies<\/i>&#8220;, pero entonces algunas partes del sitio no funcionar\u00e1n. Estos &#8220;<i>cookies<\/i>&#8221; no almacenan ninguna informaci\u00f3n personal identificable.<\/p>\n<p><b>&#8220;<i>Cookies<\/i>&#8221; de Rendimiento<\/b><\/p>\n<p class=\"p2\">Estos &#8220;<i>cookies<\/i>&#8221; nos permiten contar las visitas y las fuentes de tr\u00e1fico para poder medir y mejorar el rendimiento de nuestro sitio. Nos ayudan a saber qu\u00e9 p\u00e1ginas son las m\u00e1s y las menos populares y a ver c\u00f3mo se mueven los visitantes por el sitio. Toda la informaci\u00f3n que recopilan estos &#8220;<i>cookies<\/i>&#8221; es agregada y, por lo tanto, an\u00f3nima.<\/p>\n<p><b>&#8220;<i>Cookies<\/i> &#8221; Funcionales<\/b><\/p>\n<p class=\"p2\">Estos &#8220;<i>cookies<\/i> &#8220;permiten que el sitio web brindar una mayor funcionalidad y personalizaci\u00f3n. Pueden ser instalados por nosotros o por terceros proveedores cuyos servicios hemos a\u00f1adido a nuestras p\u00e1ginas.<\/p>\n<p><b>&#8220;<i>Cookies<\/i> &#8220;de Orientaci\u00f3n<\/b><\/p>\n<p class=\"p2\">Estos &#8220;<i>cookies<\/i>&#8221; pueden ser instalados en nuestro portal por nuestros socios publicitarios. Estas empresas pueden utilizarlos para crear un perfil de sus intereses y mostrarle anuncios relevantes en otros sitios. No almacenan directamente informaci\u00f3n personal, sino que se basan en la identificaci\u00f3n exclusiva de su navegador y dispositivo de internet.<\/p>\n<h3 class=\"p1\"><b>C\u00f3mo utilizamos los &#8220;<i>cookies<\/i>&#8220;<\/b><\/h3>\n<p class=\"p2\">Nuestro portal puede hacer uso de &#8220;<i>cookies<\/i>&#8221; para ayudarnos a proporcionarle informaci\u00f3n sobre nuestros servicios. Podemos utilizar &#8220;<i>cookies<\/i>&#8221; para mejorar la experiencia del usuario. Los &#8220;<i>cookies<\/i>&#8221; nos ayudan a ofrecer informaci\u00f3n espec\u00edfica a sus intereses y a analizar mejor los patrones de tr\u00e1fico de los usuarios para poder ofrecerles contenidos.<\/p>\n<p class=\"p2\">Para asegurarnos que nuestro contenido es lo que los visitantes quieren, recopilamos estad\u00edsticas sobre los visitantes de nuestro sitio mediante el uso de &#8220;<i>cookies<\/i>&#8220;. No rastreamos el uso individual del sitio por parte de los usuarios. No compartimos informaci\u00f3n agregada fuera de nuestra empresa. Si decide que su navegador no acepte &#8220;<i>cookies<\/i>&#8220;, no podr\u00e1 ver ciertas partes de este portal.<\/p>\n<p class=\"p2\">Algunos contenidos o aplicaciones, incluidos los anuncios, en el Sitio Web son suministrados por terceros, incluidos anunciantes, redes y servidores de anuncios, proveedores de contenidos y proveedores de aplicaciones. Estos terceros pueden utilizar &#8220;cookies&#8221; para recopilar informaci\u00f3n sobre usted cuando utiliza nuestro Sitio Web. La informaci\u00f3n que recopilan puede estar asociada a su informaci\u00f3n personal o pueden recopilar informaci\u00f3n, incluida la informaci\u00f3n personal, sobre sus actividades en l\u00ednea a lo largo del tiempo y en diferentes sitios web y otros servicios en l\u00ednea. Pueden utilizar esta informaci\u00f3n para ofrecerle publicidad basada en sus intereses (comportamiento) u otros contenidos espec\u00edficos.<\/p>\n<h3 class=\"p1\"><b>C\u00f3mo utilizamos su informaci\u00f3n<\/b><\/h3>\n<p class=\"p2\">Utilizamos la informaci\u00f3n que recopilamos sobre usted o que usted nos proporciona, incluida cualquier informaci\u00f3n personal:<\/p>\n<ul class=\"ul1\">\n<li class=\"li2\">Para mostrarle nuestro Sitio Web y sus contenidos.<\/li>\n<li class=\"li2\">Para proporcionarle informaci\u00f3n, productos o servicios que nos solicite.<\/li>\n<li class=\"li2\">Para cumplir con cualquier otro prop\u00f3sito para el que usted la proporcione.<\/li>\n<li class=\"li2\">Para cumplir con nuestras obligaciones y hacer valer nuestros derechos derivados de cualquier contrato celebrado entre usted y nosotros, incluyendo la facturaci\u00f3n y el cobro.<\/li>\n<li class=\"li2\">Para notificarle cambios en nuestro Sitio Web o en cualquier producto o servicio que ofrezcamos o prestemos a trav\u00e9s de \u00e9l.<\/li>\n<li class=\"li2\">Para permitirle participar en las funciones interactivas de nuestro Sitio Web.<\/li>\n<li class=\"li2\">En cualquier otra forma que podamos describir cuando usted proporcione la informaci\u00f3n.<\/li>\n<li class=\"li2\">Para cualquier otro prop\u00f3sito con su consentimiento.<\/li>\n<\/ul>\n<p class=\"p2\">Tambi\u00e9n podemos utilizar sus datos para ponernos en contacto con usted en relaci\u00f3n con productos y servicios propios y de terceros que puedan interesarle. Si no desea que utilicemos su informaci\u00f3n de este modo, marque la casilla correspondiente situada en el formulario en el que recopilamos sus datos.<\/p>\n<p class=\"p2\">Podemos utilizar la informaci\u00f3n que hemos recogido de usted para poder mostrar anuncios al p\u00fablico objetivo de nuestros anunciantes. Aunque no revelamos su informaci\u00f3n personal para estos fines sin su consentimiento, si usted hace clic en un anuncio o interact\u00faa con el anuncio de alguna otra manera, el anunciante puede suponer que usted cumple sus criterios de selecci\u00f3n.<\/p>\n<h3 class=\"p2\"><span class=\"s2\"><b>\u00bfY si no te gustan los &#8220;<i>cookies<\/i>&#8220;??<\/b><\/span><\/h3>\n<p class=\"p2\">Puede activar o desactivar los &#8220;<i>Cookies<\/i>&#8221; modificando la configuraci\u00f3n de su navegador. La secci\u00f3n de &#8220;ayuda&#8221; de su navegador deber\u00eda proporcionarle informaci\u00f3n sobre c\u00f3mo gestionar la configuraci\u00f3n de sus &#8220;cookies&#8221;. Descubra c\u00f3mo funciona para su navegador aqu\u00ed:<\/p>\n<p class=\"p2\">Internet Explorer: <a href=\"https:\/\/support.microsoft.com\/help\/17442\/windows-internet-explorer-delete-manage-cookies\">https:\/\/support.microsoft.com\/help\/17442\/windows-internet-explorer-delete-manage-cookies<\/a><\/p>\n<p class=\"p2\">Mozilla Firefox: <a href=\"http:\/\/support.mozilla.com\/en-US\/kb\/Cookies\">http:\/\/support.mozilla.com\/en-US\/kb\/Cookies<\/a><\/p>\n<p class=\"p2\">Google Chrome: <a href=\"http:\/\/www.google.com\/support\/chrome\/bin\/answer.py?hl=en&amp;answer=95647\">http:\/\/www.google.com\/support\/chrome\/bin\/answer.py?hl=en&amp;answer=95647<\/a><\/p>\n<p class=\"p2\">Safari: <a href=\"http:\/\/support.apple.com\/kb\/PH5042\">http:\/\/support.apple.com\/kb\/PH5042<\/a><\/p>\n<p class=\"p2\">Opera: http:\/\/www.opera.com\/browser\/tutorials\/security\/privacy\/<\/p>\n<h3 class=\"p2\"><span class=\"s2\"><b>\u00bfCon qu\u00e9 frecuencia actualizar\u00e1n esta Declaraci\u00f3n de &#8220;<i>Cookies<\/i>&#8220;?<\/b><\/span><\/h3>\n<p class=\"p2\">Es posible que actualicemos esta Declaraci\u00f3n de vez en cuando para reflejar, por ejemplo, cambios en los &#8220;cookies&#8221; que utilizamos o por otras razones operativas, legales o reglamentarias. Por lo tanto, le rogamos que vuelva a visitar esta Declaraci\u00f3n con regularidad para mantenerse informado sobre el uso que hacemos de los &#8220;cookies&#8221; y las tecnolog\u00edas relacionadas. La fecha que aparece en la parte superior de esta Declaraci\u00f3n indica cu\u00e1ndo se actualiz\u00f3 por \u00faltima vez.<\/p>\n<h3 class=\"p2\"><span class=\"s2\"><b>Informaci\u00f3n de Contacto<\/b><\/span><\/h3>\n<p class=\"p2\">Para hacer preguntas o comentarios sobre esta pol\u00edtica de privacidad y nuestras pr\u00e1cticas de privacidad, p\u00f3ngase en contacto con nosotros en:<\/p>\n<p class=\"p7\">LUFH Conveyor Belt Systems LLC,<br \/>\n3508 NW 114th Avenue,<br \/>\nDoral Florida 33178<br \/>\nTelephone: (786)543-4204<br \/>\nEmail: <a href=\"mailto:sales@lufh-cbs.com\">sales@lufh-cbs.com<\/a><\/p>\n[\/vc_column_text][\/vc_column_inner][vc_column_inner column_padding=&#8221;no-extra-padding&#8221; column_padding_tablet=&#8221;inherit&#8221; column_padding_phone=&#8221;inherit&#8221; column_padding_position=&#8221;all&#8221; column_element_spacing=&#8221;default&#8221; background_color_opacity=&#8221;1&#8243; background_hover_color_opacity=&#8221;1&#8243; column_shadow=&#8221;none&#8221; column_border_radius=&#8221;none&#8221; column_link_target=&#8221;_self&#8221; gradient_direction=&#8221;left_to_right&#8221; overlay_strength=&#8221;0.3&#8243; width=&#8221;1\/6&#8243; tablet_width_inherit=&#8221;default&#8221; bg_image_animation=&#8221;none&#8221; border_type=&#8221;simple&#8221; column_border_width=&#8221;none&#8221; column_border_style=&#8221;solid&#8221;][\/vc_column_inner][\/vc_row_inner][divider line_type=&#8221;No Line&#8221; custom_height=&#8221;100px&#8221;][\/vc_column][\/vc_row]\n","protected":false},"excerpt":{"rendered":"<p>[vc_row type=&#8221;full_width_background&#8221; full_screen_row_position=&#8221;middle&#8221; column_margin=&#8221;default&#8221; column_direction=&#8221;default&#8221; column_direction_tablet=&#8221;default&#8221; column_direction_phone=&#8221;default&#8221; bg_color=&#8221;#000000&#8243; bg_image=&#8221;198&#8243; bg_position=&#8221;center center&#8221; background_image_loading=&#8221;default&#8221; bg_repeat=&#8221;no-repeat&#8221; scene_position=&#8221;center&#8221; top_padding=&#8221;150px&#8221; bottom_padding=&#8221;150px&#8221; text_color=&#8221;custom&#8221; custom_text_color=&#8221;#ffffff&#8221; text_align=&#8221;center&#8221; row_border_radius=&#8221;none&#8221; row_border_radius_applies=&#8221;bg&#8221; id=&#8221;inner-hero&#8221; overlay_strength=&#8221;0.3&#8243; gradient_direction=&#8221;top_to_bottom&#8221; shape_divider_position=&#8221;bottom&#8221; bg_image_animation=&#8221;none&#8221; shape_type=&#8221;&#8221;][vc_column column_padding=&#8221;no-extra-padding&#8221; column_padding_tablet=&#8221;inherit&#8221; column_padding_phone=&#8221;inherit&#8221;&#8230;<\/p>\n","protected":false},"author":1,"featured_media":0,"parent":0,"menu_order":0,"comment_status":"closed","ping_status":"closed","template":"","meta":{"inline_featured_image":false,"footnotes":""},"class_list":["post-2970","page","type-page","status-publish"],"aioseo_notices":[],"_links":{"self":[{"href":"https:\/\/lufh-cbs.com\/es\/wp-json\/wp\/v2\/pages\/2970","targetHints":{"allow":["GET"]}}],"collection":[{"href":"https:\/\/lufh-cbs.com\/es\/wp-json\/wp\/v2\/pages"}],"about":[{"href":"https:\/\/lufh-cbs.com\/es\/wp-json\/wp\/v2\/types\/page"}],"author":[{"embeddable":true,"href":"https:\/\/lufh-cbs.com\/es\/wp-json\/wp\/v2\/users\/1"}],"replies":[{"embeddable":true,"href":"https:\/\/lufh-cbs.com\/es\/wp-json\/wp\/v2\/comments?post=2970"}],"version-history":[{"count":4,"href":"https:\/\/lufh-cbs.com\/es\/wp-json\/wp\/v2\/pages\/2970\/revisions"}],"predecessor-version":[{"id":4587,"href":"https:\/\/lufh-cbs.com\/es\/wp-json\/wp\/v2\/pages\/2970\/revisions\/4587"}],"wp:attachment":[{"href":"https:\/\/lufh-cbs.com\/es\/wp-json\/wp\/v2\/media?parent=2970"}],"curies":[{"name":"wp","href":"https:\/\/api.w.org\/{rel}","templated":true}]}}