{"id":7599,"date":"2023-08-18T14:36:03","date_gmt":"2023-08-18T17:36:03","guid":{"rendered":"https:\/\/lufh-cbs.com\/?page_id=7599"},"modified":"2024-12-17T11:20:06","modified_gmt":"2024-12-17T14:20:06","slug":"cotizacion-bandas","status":"publish","type":"page","link":"https:\/\/lufh-cbs.com\/es\/cotizacion-bandas\/","title":{"rendered":"Cotizacion"},"content":{"rendered":"[vc_row type=&#8221;in_container&#8221; full_screen_row_position=&#8221;middle&#8221; column_margin=&#8221;default&#8221; column_direction=&#8221;default&#8221; column_direction_tablet=&#8221;default&#8221; column_direction_phone=&#8221;default&#8221; scene_position=&#8221;center&#8221; text_color=&#8221;dark&#8221; text_align=&#8221;left&#8221; row_border_radius=&#8221;none&#8221; row_border_radius_applies=&#8221;bg&#8221; overlay_strength=&#8221;0.3&#8243; gradient_direction=&#8221;left_to_right&#8221; shape_divider_position=&#8221;bottom&#8221; bg_image_animation=&#8221;none&#8221;][vc_column column_padding=&#8221;no-extra-padding&#8221; column_padding_tablet=&#8221;inherit&#8221; column_padding_phone=&#8221;inherit&#8221; column_padding_position=&#8221;all&#8221; column_element_spacing=&#8221;default&#8221; background_color_opacity=&#8221;1&#8243; background_hover_color_opacity=&#8221;1&#8243; column_shadow=&#8221;none&#8221; column_border_radius=&#8221;none&#8221; column_link_target=&#8221;_self&#8221; gradient_direction=&#8221;left_to_right&#8221; overlay_strength=&#8221;0.3&#8243; width=&#8221;1\/1&#8243; tablet_width_inherit=&#8221;default&#8221; tablet_text_alignment=&#8221;default&#8221; phone_text_alignment=&#8221;default&#8221; bg_image_animation=&#8221;none&#8221; border_type=&#8221;simple&#8221; column_border_width=&#8221;none&#8221; column_border_style=&#8221;solid&#8221;][heading]SISTEMA DE COTIZACI\u00d3N[\/heading][\/vc_column][\/vc_row][vc_row type=&#8221;in_container&#8221; full_screen_row_position=&#8221;middle&#8221; column_margin=&#8221;default&#8221; column_direction=&#8221;default&#8221; column_direction_tablet=&#8221;default&#8221; column_direction_phone=&#8221;default&#8221; scene_position=&#8221;center&#8221; text_color=&#8221;dark&#8221; text_align=&#8221;center&#8221; row_border_radius=&#8221;none&#8221; row_border_radius_applies=&#8221;bg&#8221; overlay_strength=&#8221;0.3&#8243; gradient_direction=&#8221;left_to_right&#8221; shape_divider_position=&#8221;bottom&#8221; bg_image_animation=&#8221;none&#8221; shape_type=&#8221;&#8221;][vc_column column_padding=&#8221;no-extra-padding&#8221; column_padding_tablet=&#8221;inherit&#8221; column_padding_phone=&#8221;inherit&#8221; column_padding_position=&#8221;all&#8221; column_element_spacing=&#8221;default&#8221; background_color_opacity=&#8221;1&#8243; background_hover_color_opacity=&#8221;1&#8243; column_shadow=&#8221;none&#8221; column_border_radius=&#8221;none&#8221; column_link_target=&#8221;_self&#8221; gradient_direction=&#8221;left_to_right&#8221; overlay_strength=&#8221;0.3&#8243; width=&#8221;1\/2&#8243; tablet_width_inherit=&#8221;default&#8221; tablet_text_alignment=&#8221;default&#8221; phone_text_alignment=&#8221;default&#8221; bg_image_animation=&#8221;none&#8221; border_type=&#8221;simple&#8221; column_border_width=&#8221;none&#8221; column_border_style=&#8221;solid&#8221;][nectar_btn size=&#8221;large&#8221; button_style=&#8221;regular&#8221; button_color_2=&#8221;Accent-Color&#8221; icon_family=&#8221;none&#8221; text=&#8221;Cotizar Banda Textil (fabric)&#8221; url=&#8221;https:\/\/lufh-cbs.com\/es\/cotizacion-banda-textil-fabric\/&#8221;][vc_column_text]<a href=\"https:\/\/lufh-cbs.com\/es\/cotizacion-banda-textil-fabric\/\"><img loading=\"lazy\" decoding=\"async\" class=\"aligncenter wp-image-5905 size-medium\" src=\"https:\/\/lufh-cbs.com\/wp-content\/uploads\/2022\/10\/banda-textil-300x180.png\" alt=\"\" width=\"300\" height=\"180\" srcset=\"https:\/\/lufh-cbs.com\/wp-content\/uploads\/2022\/10\/banda-textil-300x180.png 300w, https:\/\/lufh-cbs.com\/wp-content\/uploads\/2022\/10\/banda-textil.png 728w\" sizes=\"auto, (max-width: 300px) 100vw, 300px\" \/><\/a><\/p>\n<p>Las bandas transportadoras LUFH TEXTILES, est\u00e1n compuestas por capas de tejido de textil y caucho que conforman la carcasa, desde 1, 5 o m\u00e1s capas, protegidos con cubiertas de goma especial de transporte y rodadura, as\u00ed como bordes de caucho que le permiten soportar las exigencias de operaci\u00f3n. Una capa de goma especial se coloca entre las capas textiles de la carcasa. Las cubiertas pueden tener refuerzo transversal (breaker) en forma de interruptor o protector a la rasgadura textil o de acero.<\/p>\n<p>Las capas de tejido est\u00e1n hechas de capas de tela de EP (poli\u00e9ster-poliamida), para temperaturas de material inferior a 280\u00b0C, PP (poliamida-poliamida), tejido especial de tripe cord\u00f3n EBPB, EPP, PPP o DPP con urdimbre de Aramida, para aplicaciones especiales, resistentes al alto impacto, corte y desgarre.<\/p>\n<p>Se fabrican de acuerdo con las Normas EN ISO 14890 o DIN 22102.[\/vc_column_text][\/vc_column][vc_column column_padding=&#8221;no-extra-padding&#8221; column_padding_tablet=&#8221;inherit&#8221; column_padding_phone=&#8221;inherit&#8221; column_padding_position=&#8221;all&#8221; column_element_spacing=&#8221;default&#8221; background_color_opacity=&#8221;1&#8243; background_hover_color_opacity=&#8221;1&#8243; column_shadow=&#8221;none&#8221; column_border_radius=&#8221;none&#8221; column_link_target=&#8221;_self&#8221; gradient_direction=&#8221;left_to_right&#8221; overlay_strength=&#8221;0.3&#8243; width=&#8221;1\/2&#8243; tablet_width_inherit=&#8221;default&#8221; tablet_text_alignment=&#8221;default&#8221; phone_text_alignment=&#8221;default&#8221; bg_image_animation=&#8221;none&#8221; border_type=&#8221;simple&#8221; column_border_width=&#8221;none&#8221; column_border_style=&#8221;solid&#8221;][nectar_btn size=&#8221;large&#8221; button_style=&#8221;regular&#8221; button_color_2=&#8221;Accent-Color&#8221; icon_family=&#8221;none&#8221; text=&#8221;Cotizar Cable de Acero (Steel cord-ST)&#8221; url=&#8221;https:\/\/lufh-cbs.com\/es\/cotizacion-banda-cable-de-acero\/&#8221;][vc_column_text]<a href=\"https:\/\/lufh-cbs.com\/es\/cotizacion-banda-cable-de-acero\/\"><img loading=\"lazy\" decoding=\"async\" class=\"aligncenter wp-image-5902 size-medium\" src=\"https:\/\/lufh-cbs.com\/wp-content\/uploads\/2022\/10\/banda-cable-300x176.png\" alt=\"\" width=\"300\" height=\"176\" srcset=\"https:\/\/lufh-cbs.com\/wp-content\/uploads\/2022\/10\/banda-cable-300x176.png 300w, https:\/\/lufh-cbs.com\/wp-content\/uploads\/2022\/10\/banda-cable.png 754w\" sizes=\"auto, (max-width: 300px) 100vw, 300px\" \/><\/a><\/p>\n<p>Las bandas transportadoras de LUFH CABLE DE ACERO, est\u00e1n compuestas por una carcasa que consiste en cordones de acero galvanizados con goma especial vulcanizada en la carcasa y cubiertas de goma especial de transporte y rodadura seg\u00fan la calidad requerida. Adicionalmente, las cubiertas pueden tener refuerzo transversal en forma de interruptor o protector a la rasgadura textil o de acero.<\/p>\n<p>Est\u00e1 dise\u00f1ada para el transporte de materiales sueltos de cualquier granulaci\u00f3n y puede operarse (seg\u00fan el tipo de correa) dentro del rango de temperaturas ambiente de \u201340 [\u00b0 C] a +60 [\u00b0 C]. Teniendo en cuenta las propiedades de la carcasa de acero y goma, este tipo de banda se recomienda para su uso en rutas largas e inclinadas, donde se requieren un bajo porcentaje de alargamiento excepcional y una larga vida \u00fatil.<\/p>\n<p>Estas bandas cumplen con las normas EN ISO 15236-1, -2 o DIN 22131, con respecto a la estructura, las dimensiones y los elementos individuales, as\u00ed como las tolerancias de estas y par\u00e1metros de resistencia.[\/vc_column_text][\/vc_column][\/vc_row]\n","protected":false},"excerpt":{"rendered":"<p>[vc_row type=&#8221;in_container&#8221; full_screen_row_position=&#8221;middle&#8221; column_margin=&#8221;default&#8221; column_direction=&#8221;default&#8221; column_direction_tablet=&#8221;default&#8221; column_direction_phone=&#8221;default&#8221; scene_position=&#8221;center&#8221; text_color=&#8221;dark&#8221; text_align=&#8221;left&#8221; row_border_radius=&#8221;none&#8221; row_border_radius_applies=&#8221;bg&#8221; overlay_strength=&#8221;0.3&#8243; gradient_direction=&#8221;left_to_right&#8221; shape_divider_position=&#8221;bottom&#8221; bg_image_animation=&#8221;none&#8221;][vc_column column_padding=&#8221;no-extra-padding&#8221; column_padding_tablet=&#8221;inherit&#8221; column_padding_phone=&#8221;inherit&#8221; column_padding_position=&#8221;all&#8221; column_element_spacing=&#8221;default&#8221; background_color_opacity=&#8221;1&#8243; background_hover_color_opacity=&#8221;1&#8243; column_shadow=&#8221;none&#8221; column_border_radius=&#8221;none&#8221; column_link_target=&#8221;_self&#8221; gradient_direction=&#8221;left_to_right&#8221; overlay_strength=&#8221;0.3&#8243; width=&#8221;1\/1&#8243; tablet_width_inherit=&#8221;default&#8221;&#8230;<\/p>\n","protected":false},"author":2,"featured_media":0,"parent":0,"menu_order":0,"comment_status":"closed","ping_status":"closed","template":"","meta":{"inline_featured_image":false,"footnotes":""},"class_list":["post-7599","page","type-page","status-publish"],"aioseo_notices":[],"_links":{"self":[{"href":"https:\/\/lufh-cbs.com\/es\/wp-json\/wp\/v2\/pages\/7599","targetHints":{"allow":["GET"]}}],"collection":[{"href":"https:\/\/lufh-cbs.com\/es\/wp-json\/wp\/v2\/pages"}],"about":[{"href":"https:\/\/lufh-cbs.com\/es\/wp-json\/wp\/v2\/types\/page"}],"author":[{"embeddable":true,"href":"https:\/\/lufh-cbs.com\/es\/wp-json\/wp\/v2\/users\/2"}],"replies":[{"embeddable":true,"href":"https:\/\/lufh-cbs.com\/es\/wp-json\/wp\/v2\/comments?post=7599"}],"version-history":[{"count":16,"href":"https:\/\/lufh-cbs.com\/es\/wp-json\/wp\/v2\/pages\/7599\/revisions"}],"predecessor-version":[{"id":7774,"href":"https:\/\/lufh-cbs.com\/es\/wp-json\/wp\/v2\/pages\/7599\/revisions\/7774"}],"wp:attachment":[{"href":"https:\/\/lufh-cbs.com\/es\/wp-json\/wp\/v2\/media?parent=7599"}],"curies":[{"name":"wp","href":"https:\/\/api.w.org\/{rel}","templated":true}]}}